{"id":1195,"date":"2021-06-14T20:00:15","date_gmt":"2021-06-14T20:00:15","guid":{"rendered":"https:\/\/noodlestation.is\/?post_type=product&#038;p=1195"},"modified":"2025-05-14T23:14:55","modified_gmt":"2025-05-14T23:14:55","slug":"nudlur-supa-med-nautakjoti","status":"publish","type":"product","link":"https:\/\/noodlestation.is\/is\/product\/nudlur-supa-med-nautakjoti\/","title":{"rendered":"N\u00fa\u00f0lur s\u00fapa me\u00f0 nautakj\u00f6ti"},"content":{"rendered":"<p><img fetchpriority=\"high\" decoding=\"async\" class=\"alignnone wp-image-977 size-medium\" src=\"https:\/\/noodlestation.is\/wp-content\/uploads\/2021\/01\/03-289x300.png\" alt=\"\" width=\"289\" height=\"300\" \/><\/p>","protected":false},"excerpt":{"rendered":"","protected":false},"featured_media":977,"comment_status":"open","ping_status":"closed","template":"","meta":{"_kadence_starter_templates_imported_post":false,"_kad_post_transparent":"default","_kad_post_title":"","_kad_post_layout":"default","_kad_post_sidebar_id":"","_kad_post_content_style":"default","_kad_post_vertical_padding":"default","_kad_post_feature":"","_kad_post_feature_position":"","_kad_post_header":false,"_kad_post_footer":false,"_kad_post_classname":""},"product_brand":[],"product_cat":[17],"product_tag":[],"class_list":{"0":"post-1195","1":"product","2":"type-product","3":"status-publish","4":"has-post-thumbnail","6":"product_cat-uncategorized","8":"first","9":"outofstock","10":"purchasable","11":"product-type-simple","12":"entry","13":"content-bg","14":"loop-entry"},"_links":{"self":[{"href":"https:\/\/noodlestation.is\/is\/wp-json\/wp\/v2\/product\/1195","targetHints":{"allow":["GET"]}}],"collection":[{"href":"https:\/\/noodlestation.is\/is\/wp-json\/wp\/v2\/product"}],"about":[{"href":"https:\/\/noodlestation.is\/is\/wp-json\/wp\/v2\/types\/product"}],"replies":[{"embeddable":true,"href":"https:\/\/noodlestation.is\/is\/wp-json\/wp\/v2\/comments?post=1195"}],"wp:featuredmedia":[{"embeddable":true,"href":"https:\/\/noodlestation.is\/is\/wp-json\/wp\/v2\/media\/977"}],"wp:attachment":[{"href":"https:\/\/noodlestation.is\/is\/wp-json\/wp\/v2\/media?parent=1195"}],"wp:term":[{"taxonomy":"product_brand","embeddable":true,"href":"https:\/\/noodlestation.is\/is\/wp-json\/wp\/v2\/product_brand?post=1195"},{"taxonomy":"product_cat","embeddable":true,"href":"https:\/\/noodlestation.is\/is\/wp-json\/wp\/v2\/product_cat?post=1195"},{"taxonomy":"product_tag","embeddable":true,"href":"https:\/\/noodlestation.is\/is\/wp-json\/wp\/v2\/product_tag?post=1195"}],"curies":[{"name":"wp","href":"https:\/\/api.w.org\/{rel}","templated":true}]}}