{"id":1111,"date":"2021-06-09T22:42:51","date_gmt":"2021-06-09T22:42:51","guid":{"rendered":"https:\/\/noodlestation.is\/?post_type=product&#038;p=1111"},"modified":"2025-04-12T23:10:09","modified_gmt":"2025-04-12T23:10:09","slug":"nudlur-supa-med-kjulingi","status":"publish","type":"product","link":"https:\/\/noodlestation.is\/is\/product\/nudlur-supa-med-kjulingi\/","title":{"rendered":"N\u00fa\u00f0lur s\u00fapa me\u00f0 kj\u00falingi"},"content":{"rendered":"<p><img fetchpriority=\"high\" decoding=\"async\" class=\"alignnone size-medium wp-image-974\" src=\"https:\/\/noodlestation.is\/wp-content\/uploads\/2021\/01\/01-298x300.png\" alt=\"\" width=\"298\" height=\"300\" \/><\/p>","protected":false},"excerpt":{"rendered":"","protected":false},"featured_media":974,"comment_status":"open","ping_status":"closed","template":"","meta":{"_kadence_starter_templates_imported_post":false,"_kad_post_transparent":"default","_kad_post_title":"","_kad_post_layout":"default","_kad_post_sidebar_id":"","_kad_post_content_style":"default","_kad_post_vertical_padding":"default","_kad_post_feature":"","_kad_post_feature_position":"","_kad_post_header":false,"_kad_post_footer":false,"_kad_post_classname":""},"product_brand":[],"product_cat":[17],"product_tag":[],"class_list":{"0":"post-1111","1":"product","2":"type-product","3":"status-publish","4":"has-post-thumbnail","6":"product_cat-uncategorized","8":"first","9":"outofstock","10":"purchasable","11":"product-type-simple","12":"entry","13":"content-bg","14":"loop-entry"},"_links":{"self":[{"href":"https:\/\/noodlestation.is\/is\/wp-json\/wp\/v2\/product\/1111","targetHints":{"allow":["GET"]}}],"collection":[{"href":"https:\/\/noodlestation.is\/is\/wp-json\/wp\/v2\/product"}],"about":[{"href":"https:\/\/noodlestation.is\/is\/wp-json\/wp\/v2\/types\/product"}],"replies":[{"embeddable":true,"href":"https:\/\/noodlestation.is\/is\/wp-json\/wp\/v2\/comments?post=1111"}],"wp:featuredmedia":[{"embeddable":true,"href":"https:\/\/noodlestation.is\/is\/wp-json\/wp\/v2\/media\/974"}],"wp:attachment":[{"href":"https:\/\/noodlestation.is\/is\/wp-json\/wp\/v2\/media?parent=1111"}],"wp:term":[{"taxonomy":"product_brand","embeddable":true,"href":"https:\/\/noodlestation.is\/is\/wp-json\/wp\/v2\/product_brand?post=1111"},{"taxonomy":"product_cat","embeddable":true,"href":"https:\/\/noodlestation.is\/is\/wp-json\/wp\/v2\/product_cat?post=1111"},{"taxonomy":"product_tag","embeddable":true,"href":"https:\/\/noodlestation.is\/is\/wp-json\/wp\/v2\/product_tag?post=1111"}],"curies":[{"name":"wp","href":"https:\/\/api.w.org\/{rel}","templated":true}]}}