{"id":310378,"date":"2026-02-06T16:05:28","date_gmt":"2026-02-06T16:05:28","guid":{"rendered":"https:\/\/noodlestation.is\/?page_id=310378"},"modified":"2026-02-06T16:24:04","modified_gmt":"2026-02-06T16:24:04","slug":"testnewmenu","status":"publish","type":"page","link":"https:\/\/noodlestation.is\/is\/testnewmenu\/","title":{"rendered":"MATSE\u00d0ILL"},"content":{"rendered":"<ul class=\"wp-block-list\"><\/ul>\n\n\n\n<figure class=\"wp-block-image size-large is-resized\"><img fetchpriority=\"high\" decoding=\"async\" width=\"1016\" height=\"1024\" src=\"https:\/\/noodlestation.is\/wp-content\/uploads\/2021\/01\/01-1016x1024.png\" alt=\"Noodle soup with chicken\" class=\"wp-image-974\" style=\"aspect-ratio:0.9922150509015902;object-fit:cover;width:200px\" srcset=\"https:\/\/noodlestation.is\/wp-content\/uploads\/2021\/01\/01-1016x1024.png 1016w, https:\/\/noodlestation.is\/wp-content\/uploads\/2021\/01\/01-100x100.png 100w, https:\/\/noodlestation.is\/wp-content\/uploads\/2021\/01\/01-600x605.png 600w, https:\/\/noodlestation.is\/wp-content\/uploads\/2021\/01\/01-150x150.png 150w, https:\/\/noodlestation.is\/wp-content\/uploads\/2021\/01\/01-768x774.png 768w, https:\/\/noodlestation.is\/wp-content\/uploads\/2021\/01\/01-1525x1536.png 1525w, https:\/\/noodlestation.is\/wp-content\/uploads\/2021\/01\/01-12x12.png 12w, https:\/\/noodlestation.is\/wp-content\/uploads\/2021\/01\/01.png 1596w\" sizes=\"(max-width: 1016px) 100vw, 1016px\" \/><\/figure>\n\n\n\n<p><strong>N\u00fa\u00f0lur s\u00fapa me\u00f0 kj\u00falingi<\/strong> <strong>2.690kr<\/strong><\/p>\n\n\n\n<figure class=\"wp-block-image size-large is-resized\"><img decoding=\"async\" width=\"985\" height=\"1024\" src=\"https:\/\/noodlestation.is\/wp-content\/uploads\/2021\/01\/03-985x1024.png\" alt=\"\" class=\"wp-image-977\" style=\"width:0px\" srcset=\"https:\/\/noodlestation.is\/wp-content\/uploads\/2021\/01\/03-985x1024.png 985w, https:\/\/noodlestation.is\/wp-content\/uploads\/2021\/01\/03-600x624.png 600w, https:\/\/noodlestation.is\/wp-content\/uploads\/2021\/01\/03-768x798.png 768w, https:\/\/noodlestation.is\/wp-content\/uploads\/2021\/01\/03-1478x1536.png 1478w, https:\/\/noodlestation.is\/wp-content\/uploads\/2021\/01\/03-12x12.png 12w, https:\/\/noodlestation.is\/wp-content\/uploads\/2021\/01\/03.png 1632w\" sizes=\"(max-width: 985px) 100vw, 985px\" \/><\/figure>\n\n\n\n<figure class=\"wp-block-image size-large is-resized\"><img decoding=\"async\" width=\"985\" height=\"1024\" src=\"https:\/\/noodlestation.is\/wp-content\/uploads\/2021\/01\/03-985x1024.png\" alt=\"\" class=\"wp-image-977\" style=\"width:200px\" srcset=\"https:\/\/noodlestation.is\/wp-content\/uploads\/2021\/01\/03-985x1024.png 985w, https:\/\/noodlestation.is\/wp-content\/uploads\/2021\/01\/03-600x624.png 600w, https:\/\/noodlestation.is\/wp-content\/uploads\/2021\/01\/03-768x798.png 768w, https:\/\/noodlestation.is\/wp-content\/uploads\/2021\/01\/03-1478x1536.png 1478w, https:\/\/noodlestation.is\/wp-content\/uploads\/2021\/01\/03-12x12.png 12w, https:\/\/noodlestation.is\/wp-content\/uploads\/2021\/01\/03.png 1632w\" sizes=\"(max-width: 985px) 100vw, 985px\" \/><\/figure>\n\n\n\n<p><strong>N\u00fa\u00f0lur s\u00fapa me\u00f0 nautakj\u00f6ti<\/strong> <strong>2.610kr<\/strong><\/p>\n\n\n\n<figure class=\"wp-block-image size-large is-resized\"><img loading=\"lazy\" decoding=\"async\" width=\"1012\" height=\"1024\" src=\"https:\/\/noodlestation.is\/wp-content\/uploads\/2021\/01\/04-1012x1024.png\" alt=\"\" class=\"wp-image-984\" style=\"width:200px\" srcset=\"https:\/\/noodlestation.is\/wp-content\/uploads\/2021\/01\/04-1012x1024.png 1012w, https:\/\/noodlestation.is\/wp-content\/uploads\/2021\/01\/04-100x100.png 100w, https:\/\/noodlestation.is\/wp-content\/uploads\/2021\/01\/04-600x607.png 600w, https:\/\/noodlestation.is\/wp-content\/uploads\/2021\/01\/04-768x777.png 768w, https:\/\/noodlestation.is\/wp-content\/uploads\/2021\/01\/04-12x12.png 12w, https:\/\/noodlestation.is\/wp-content\/uploads\/2021\/01\/04.png 1376w\" sizes=\"(max-width: 1012px) 100vw, 1012px\" \/><\/figure>\n\n\n\n<p><strong>N\u00fa\u00f0lur s\u00fapa me\u00f0 gr\u00e6nmeti  1.710kr<\/strong><\/p>","protected":false},"excerpt":{"rendered":"<p>Noodle soup with chicken 2.690kr Noodle soup with beef 2.610kr Noodle soup with vegetables 1.710kr<\/p>","protected":false},"author":2,"featured_media":0,"parent":0,"menu_order":0,"comment_status":"closed","ping_status":"closed","template":"","meta":{"_kadence_starter_templates_imported_post":false,"_kad_post_transparent":"","_kad_post_title":"","_kad_post_layout":"","_kad_post_sidebar_id":"","_kad_post_content_style":"","_kad_post_vertical_padding":"","_kad_post_feature":"","_kad_post_feature_position":"","_kad_post_header":false,"_kad_post_footer":false,"_kad_post_classname":"","footnotes":""},"class_list":["post-310378","page","type-page","status-publish","hentry"],"_links":{"self":[{"href":"https:\/\/noodlestation.is\/is\/wp-json\/wp\/v2\/pages\/310378","targetHints":{"allow":["GET"]}}],"collection":[{"href":"https:\/\/noodlestation.is\/is\/wp-json\/wp\/v2\/pages"}],"about":[{"href":"https:\/\/noodlestation.is\/is\/wp-json\/wp\/v2\/types\/page"}],"author":[{"embeddable":true,"href":"https:\/\/noodlestation.is\/is\/wp-json\/wp\/v2\/users\/2"}],"replies":[{"embeddable":true,"href":"https:\/\/noodlestation.is\/is\/wp-json\/wp\/v2\/comments?post=310378"}],"version-history":[{"count":9,"href":"https:\/\/noodlestation.is\/is\/wp-json\/wp\/v2\/pages\/310378\/revisions"}],"predecessor-version":[{"id":310391,"href":"https:\/\/noodlestation.is\/is\/wp-json\/wp\/v2\/pages\/310378\/revisions\/310391"}],"wp:attachment":[{"href":"https:\/\/noodlestation.is\/is\/wp-json\/wp\/v2\/media?parent=310378"}],"curies":[{"name":"wp","href":"https:\/\/api.w.org\/{rel}","templated":true}]}}